{"id":13986,"date":"2024-04-24T11:49:13","date_gmt":"2024-04-24T11:49:13","guid":{"rendered":"https:\/\/bourgeois21juillet.be\/?page_id=13986"},"modified":"2025-07-12T19:58:15","modified_gmt":"2025-07-12T19:58:15","slug":"pour-les-kids","status":"publish","type":"page","link":"http:\/\/bourgeois21juillet.be\/?page_id=13986","title":{"rendered":"Pour les kids!"},"content":{"rendered":"\n<div class=\"wp-block-media-text alignwide is-stacked-on-mobile\" style=\"grid-template-columns:29% auto\"><figure class=\"wp-block-media-text__media\"><img src=\"https:\/\/bourgeois21juillet.be\/wp-content\/uploads\/2025\/07\/2007_village-1-819x1024.png\" alt=\"\" class=\"wp-image-14129 size-full\"\/><\/figure><div class=\"wp-block-media-text__content\">\n<p class=\"has-header-gradient-color has-text-color has-medium-font-size\"><strong>Le dimanche 20 &amp; lundi 21 juillet de 12h00 \u00e0 18h00<\/strong><\/p>\n\n\n\n<p class=\"has-medium-font-size\"><strong>Le village des enfants<\/strong><\/p>\n\n\n\n<p>Pas de f\u00eates populaires de Bourgeois sans village des enfants, car eux aussi ont droit \u00e0 leur f\u00eate. Cette ann\u00e9e, plusieurs animations du Circom\u00e9die seront propos\u00e9es les apr\u00e8s-midis. Il y aura \u00e9galement&nbsp;: un parcours du combattant, du grimage, le traditionnel bac \u00e0 sable, des jeux en bois, des ch\u00e2teaux gonflables et pleins d\u2019autres surprises !<\/p>\n\n\n\n<p>Ce village des enfants est anim\u00e9 avec le soutien du Patro de Bourgeois.<\/p>\n<\/div><\/div>\n\n\n\n<p class=\"has-text-align-center has-header-gradient-color has-text-color has-large-font-size\"> <\/p>\n\n\n\n<div class=\"wp-block-media-text alignwide has-media-on-the-right is-stacked-on-mobile\" style=\"grid-template-columns:auto 29%\"><div class=\"wp-block-media-text__content\">\n<p class=\"has-text-align-left has-header-gradient-color has-text-color has-medium-font-size\"><strong>Le samedi 19 juillet \u00e0 20h00<\/strong><\/p>\n\n\n\n<p class=\"has-medium-font-size\"><strong>La Boum des enfants<\/strong><\/p>\n\n\n\n<p>Apr\u00e8s le succ\u00e8s de la boum des enfants de l\u2019\u00e9dition 2023, nous ne pouvions pas ne pas r\u00e9it\u00e9rer l\u2019exp\u00e9rience pour l'\u00e9dition 2024. C\u2019est donc avec joie que nous d\u00e9buterons les festivit\u00e9s avec une soir\u00e9e pour les plus jeunes sur la place de Bourgeois o\u00f9 une animation entra\u00eenante leur offrira des moments de danse et de divertissement.<\/p>\n\n\n\n<p>Il est toutefois important de rappeler que les parents restent responsables de leurs enfants pendant toute la dur\u00e9e de l'\u00e9v\u00e9nement.<\/p>\n<\/div><figure class=\"wp-block-media-text__media\"><img src=\"https:\/\/bourgeois21juillet.be\/wp-content\/uploads\/2025\/07\/1907_boum-1-819x1024.png\" alt=\"\" class=\"wp-image-14130 size-full\"\/><\/figure><\/div>\n\n\n\n<p class=\"has-text-align-center has-header-gradient-color has-text-color has-large-font-size\"><\/p>\n\n\n\n<div class=\"wp-block-media-text alignwide is-stacked-on-mobile\" style=\"grid-template-columns:29% auto\"><figure class=\"wp-block-media-text__media\"><img src=\"https:\/\/bourgeois21juillet.be\/wp-content\/uploads\/2025\/07\/1907_cinema-1-819x1024.png\" alt=\"\" class=\"wp-image-14131 size-full\"\/><\/figure><div class=\"wp-block-media-text__content\">\n<p class=\"has-text-align-left has-header-gradient-color has-text-color has-medium-font-size\"><strong>Le samedi 19 juillet \u00e0 21h30<\/strong><\/p>\n\n\n\n<p class=\"has-medium-font-size\"><strong>S\u00e9ance de cin\u00e9ma jeune public en plein air<\/strong><\/p>\n\n\n\n<p>Cette ann\u00e9e, nous allons vous proposer pour la seconde fois une projection en plein air pour un large public le 19 juillet. Un moment \"chill\" apr\u00e8s la boum dans une odeur de popcorns chauds en partenariat avec le Cin\u00e9 Centre de Rixensart. &nbsp;Une exp\u00e9rience \u00e0 partager en famille ou entre amis.<\/p>\n<\/div><\/div>\n\n\n\n<p><\/p>\n\n\n\n<div class=\"wp-block-media-text alignwide has-media-on-the-right is-stacked-on-mobile\" style=\"grid-template-columns:auto 28%\"><div class=\"wp-block-media-text__content\">\n<p class=\"has-text-align-left has-header-gradient-color has-text-color has-medium-font-size\"><strong>Le lundi 21 juillet \u00e0 11h00<\/strong><\/p>\n\n\n\n<p>Le concert pour enfants Dessine-moi une histoire\u00a0\u00a0<\/p>\n\n\n\n<p>Imaginez un spectacle o\u00f9 les enfants prennent le contr\u00f4le ! \"Dessine-moi une histoire !\" est un spectacle d'improvisation th\u00e9\u00e2trale o\u00f9 les jeunes spectateurs participent activement \u00e0 la cr\u00e9ation des sc\u00e8nes. Avant le spectacle, les enfants et leurs parents dessinent sur des feuilles pr\u00e9-imprim\u00e9es : ils inventent un h\u00e9ros, un m\u00e9chant, un lieu...&nbsp;<\/p>\n<\/div><figure class=\"wp-block-media-text__media\"><img src=\"https:\/\/bourgeois21juillet.be\/wp-content\/uploads\/2025\/07\/2107_concertenfant-1-819x1024.png\" alt=\"\" class=\"wp-image-14132 size-full\"\/><\/figure><\/div>\n\n\n\n<p><\/p>\n\n\n\n<div class=\"wp-block-media-text alignwide is-stacked-on-mobile\" style=\"grid-template-columns:30% auto\"><figure class=\"wp-block-media-text__media\"><img src=\"https:\/\/bourgeois21juillet.be\/wp-content\/uploads\/2025\/07\/2107_feudartifice-819x1024.png\" alt=\"\" class=\"wp-image-14133 size-full\"\/><\/figure><div class=\"wp-block-media-text__content\">\n<p class=\"has-header-gradient-color has-text-color has-medium-font-size\"><strong>Le lundi 21 juillet \u00e0 23h15<\/strong><\/p>\n\n\n\n<p class=\"has-medium-font-size\"><strong>Feu d'artifice<\/strong><\/p>\n\n\n\n<p>Que serait un 21 juillet sans feu d\u2019artifice ?<\/p>\n\n\n\n<p>Ce n'est plus un secret pour personne, les f\u00eates de Bourgeois sont r\u00e9put\u00e9es pour la qualit\u00e9 et la beaut\u00e9 de son traditionnel feu d'artifice.<\/p>\n\n\n\n<p>Cette ann\u00e9e encore, l'artificier \"Party-Fices\" vous \u00e9blouira avec son spectacle de pyrotechnie. Party Fices, c'est plus de 200 feux d'artifices par an et de tr\u00e8s nombreux titres de champion de Belgique de feu d'artifice.<\/p>\n\n\n\n<p>A ne manquer sous aucun pr\u00e9texte !<\/p>\n<\/div><\/div>\n\n\n\n<p><\/p>\n","protected":false},"excerpt":{"rendered":"<p>Le dimanche 20 &amp; lundi 21 juillet de 12h00 \u00e0 18h00 Le village des enfants Pas de f\u00eates populaires de Bourgeois sans village des enfants, car eux aussi ont droit \u00e0 leur f\u00eate. Cette ann\u00e9e, plusieurs animations du Circom\u00e9die seront propos\u00e9es les apr\u00e8s-midis. Il y aura \u00e9galement&nbsp;: un parcours du [&hellip;]<\/p>\n","protected":false},"author":1,"featured_media":0,"parent":0,"menu_order":0,"comment_status":"closed","ping_status":"closed","template":"","meta":[],"_links":{"self":[{"href":"http:\/\/bourgeois21juillet.be\/index.php?rest_route=\/wp\/v2\/pages\/13986"}],"collection":[{"href":"http:\/\/bourgeois21juillet.be\/index.php?rest_route=\/wp\/v2\/pages"}],"about":[{"href":"http:\/\/bourgeois21juillet.be\/index.php?rest_route=\/wp\/v2\/types\/page"}],"author":[{"embeddable":true,"href":"http:\/\/bourgeois21juillet.be\/index.php?rest_route=\/wp\/v2\/users\/1"}],"replies":[{"embeddable":true,"href":"http:\/\/bourgeois21juillet.be\/index.php?rest_route=%2Fwp%2Fv2%2Fcomments&post=13986"}],"version-history":[{"count":6,"href":"http:\/\/bourgeois21juillet.be\/index.php?rest_route=\/wp\/v2\/pages\/13986\/revisions"}],"predecessor-version":[{"id":14134,"href":"http:\/\/bourgeois21juillet.be\/index.php?rest_route=\/wp\/v2\/pages\/13986\/revisions\/14134"}],"wp:attachment":[{"href":"http:\/\/bourgeois21juillet.be\/index.php?rest_route=%2Fwp%2Fv2%2Fmedia&parent=13986"}],"curies":[{"name":"wp","href":"https:\/\/api.w.org\/{rel}","templated":true}]}}