{"id":13911,"date":"2024-04-22T11:18:16","date_gmt":"2024-04-22T11:18:16","guid":{"rendered":"https:\/\/bourgeois21juillet.be\/?page_id=13911"},"modified":"2025-07-12T17:05:07","modified_gmt":"2025-07-12T17:05:07","slug":"programmation-musicale-du-20-juillet","status":"publish","type":"page","link":"https:\/\/bourgeois21juillet.be\/?page_id=13911","title":{"rendered":"Programmation musicale du 20 juillet"},"content":{"rendered":"\n<p><\/p>\n\n\n\n<h2 class=\"wp-block-heading has-text-align-center has-accent-color has-text-color\"><strong>Le dimanche 20 juillet \u00e0 19h15<\/strong><\/h2>\n\n\n\n<div class=\"wp-block-media-text alignwide is-stacked-on-mobile\" style=\"grid-template-columns:22% auto\"><figure class=\"wp-block-media-text__media\"><img src=\"https:\/\/bourgeois21juillet.be\/wp-content\/uploads\/2025\/07\/2007_sneaky-819x1024.png\" alt=\"\" class=\"wp-image-14113 size-full\"\/><\/figure><div class=\"wp-block-media-text__content\">\n<p><\/p>\n\n\n\n<p><strong>SNEAKY LIZARDS<\/strong><\/p>\n\n\n\n<p>Depuis 2023, c\u2019est devenu une tradition incontournable : le bingo burlesque s\u2019installe \u00e0 nouveau sur la place pour une apr\u00e8s-midi haute en couleur !&nbsp;<\/p>\n\n\n\n<p>Au programme : des lots surprenants, des fous rires garantis et une ambiance compl\u00e8tement d\u00e9cal\u00e9e, ouverte \u00e0 tous les \u00e2ges.&nbsp;<\/p>\n\n\n\n<p>Des parties s\u2019encha\u00eenent tout l\u2019apr\u00e8s-midi. Que vous arriviez pile \u00e0 l\u2019heure ou en cours de route, vous aurez toujours une grille \u00e0 jouer et des chances de gagner !&nbsp;<\/p>\n\n\n\n<p><\/p>\n<\/div><\/div>\n\n\n\n<p><\/p>\n\n\n\n<p><\/p>\n\n\n\n<h2 class=\"wp-block-heading has-text-align-center has-accent-color has-text-color\"><strong>Le dimanche 20 juillet \u00e0 21h15<\/strong><\/h2>\n\n\n\n<div class=\"wp-block-media-text alignwide has-media-on-the-right is-stacked-on-mobile\" style=\"grid-template-columns:auto 23%\"><div class=\"wp-block-media-text__content\">\n<p><strong>ATTITUDE CHANTE JOHNNY<\/strong><\/p>\n\n\n\n<p>Attitude ravive l'\u00e9nergie br\u00fblante de Johnny ! Emmen\u00e9 par Jacques Weck, le groupe livre une interpr\u00e9tation sobre, fid\u00e8le et envo\u00fbtante. Plus qu'un cover, c'est la l\u00e9gende du rock fran\u00e7ais qui rena\u00eet avec passion.\u00a0<\/p>\n<\/div><figure class=\"wp-block-media-text__media\"><img src=\"https:\/\/bourgeois21juillet.be\/wp-content\/uploads\/2025\/07\/2007_attitude-819x1024.png\" alt=\"\" class=\"wp-image-14115 size-full\"\/><\/figure><\/div>\n\n\n\n<p><\/p>\n\n\n\n<p><\/p>\n\n\n\n<p><\/p>\n\n\n\n<h2 class=\"wp-block-heading has-text-align-center has-accent-color has-text-color\"><strong><strong>Le dimanche 20 juillet \u00e0 23h45<\/strong><\/strong><\/h2>\n\n\n\n<p><\/p>\n\n\n\n<div class=\"wp-block-media-text alignwide is-stacked-on-mobile\" style=\"grid-template-columns:23% auto\"><figure class=\"wp-block-media-text__media\"><img src=\"https:\/\/bourgeois21juillet.be\/wp-content\/uploads\/2025\/07\/2007_TGIF-819x1024.png\" alt=\"\" class=\"wp-image-14116 size-full\"\/><\/figure><div class=\"wp-block-media-text__content\">\n<p><strong>TGIF<\/strong><\/p>\n\n\n\n<p>TGIF signifie \u00ab Thank God It's Friday \u00bb (Dieu merci, c'est vendredi) : nous voulons que l'esprit du vendredi soir perdure toute la nuit. Il s'agit d'un groupe de f\u00eate dont l'objectif est de faire bouger la piste de danse comme jamais auparavant. Pas de temps mort, juste une s\u00e9rie de reprises des ann\u00e9es 70 \u00e0 nos jours, avec \u00ab La Fiesta \u00bb comme seul fil conducteur !&nbsp;<\/p>\n<\/div><\/div>\n\n\n\n<p><\/p>\n","protected":false},"excerpt":{"rendered":"<p>Le dimanche 20 juillet \u00e0 19h15 SNEAKY LIZARDS Depuis 2023, c\u2019est devenu une tradition incontournable : le bingo burlesque s\u2019installe \u00e0 nouveau sur la place pour une apr\u00e8s-midi haute en couleur !&nbsp; Au programme : des lots surprenants, des fous rires garantis et une ambiance compl\u00e8tement d\u00e9cal\u00e9e, ouverte \u00e0 tous [&hellip;]<\/p>\n","protected":false},"author":1,"featured_media":0,"parent":0,"menu_order":0,"comment_status":"closed","ping_status":"closed","template":"","meta":[],"_links":{"self":[{"href":"https:\/\/bourgeois21juillet.be\/index.php?rest_route=\/wp\/v2\/pages\/13911"}],"collection":[{"href":"https:\/\/bourgeois21juillet.be\/index.php?rest_route=\/wp\/v2\/pages"}],"about":[{"href":"https:\/\/bourgeois21juillet.be\/index.php?rest_route=\/wp\/v2\/types\/page"}],"author":[{"embeddable":true,"href":"https:\/\/bourgeois21juillet.be\/index.php?rest_route=\/wp\/v2\/users\/1"}],"replies":[{"embeddable":true,"href":"https:\/\/bourgeois21juillet.be\/index.php?rest_route=%2Fwp%2Fv2%2Fcomments&post=13911"}],"version-history":[{"count":9,"href":"https:\/\/bourgeois21juillet.be\/index.php?rest_route=\/wp\/v2\/pages\/13911\/revisions"}],"predecessor-version":[{"id":14117,"href":"https:\/\/bourgeois21juillet.be\/index.php?rest_route=\/wp\/v2\/pages\/13911\/revisions\/14117"}],"wp:attachment":[{"href":"https:\/\/bourgeois21juillet.be\/index.php?rest_route=%2Fwp%2Fv2%2Fmedia&parent=13911"}],"curies":[{"name":"wp","href":"https:\/\/api.w.org\/{rel}","templated":true}]}}