{"id":13924,"date":"2024-04-23T15:46:16","date_gmt":"2024-04-23T15:46:16","guid":{"rendered":"https:\/\/bourgeois21juillet.be\/?page_id=13924"},"modified":"2025-07-19T20:50:02","modified_gmt":"2025-07-19T20:50:02","slug":"1ere-edition-du-marche-des-artisans","status":"publish","type":"page","link":"https:\/\/bourgeois21juillet.be\/?page_id=13924","title":{"rendered":"Nouveaut\u00e9s : La marche de 5KM et petit d\u00e9jeuner"},"content":{"rendered":"\n<p>Cette ann\u00e9e, on d\u00e9marre la journ\u00e9e du bon pied\u2026 et le ventre plein !<br>Rien de tel qu\u2019un bon petit d\u00e9jeuner partag\u00e9 pour se mettre en jambes avant une balade dans les alentours de Bourgeois.<\/p>\n\n\n\n<p>On vous donne rendez-vous d\u00e8s 09h30 sur la place, o\u00f9 viennoiseries, caf\u00e9 et bonne humeur seront au menu. Que vous veniez en solo, en famille ou entre amis, c\u2019est le moment parfait pour se retrouver, papoter et profiter de l\u2019ambiance matinale du village qui s\u2019\u00e9veille.<\/p>\n\n\n\n<p>Apr\u00e8s \u00e7a, place \u00e0 la promenade ! Des plans de balade seront disponibles pour celles et ceux qui souhaitent d\u00e9couvrir les environs \u00e0 leur rythme, entre nature et patrimoine.<\/p>\n\n\n\n<p>Un d\u00e9but de journ\u00e9e tout en douceur, pour bien lancer cette belle f\u00eate du 21 juillet&nbsp;!<\/p>\n\n\n\n<div class=\"wp-block-columns is-layout-flex wp-container-7\">\n<div class=\"wp-block-column is-layout-flow\">\n<figure class=\"wp-block-gallery has-nested-images columns-default is-cropped wp-block-gallery-1 is-layout-flex\">\n<figure class=\"wp-block-image size-large\"><a href=\"https:\/\/bourgeois21juillet.be\/wp-content\/uploads\/2025\/07\/marchekm-2.jpg\"><img src=\"https:\/\/bourgeois21juillet.be\/wp-content\/uploads\/2025\/07\/marchekm-2-819x1024.jpg\" alt=\"\" class=\"wp-image-14154\"\/><\/a><\/figure>\n<\/figure>\n<\/div>\n\n\n\n<div class=\"wp-block-column is-layout-flow\">\n<figure class=\"wp-block-gallery has-nested-images columns-default is-cropped wp-block-gallery-4 is-layout-flex\">\n<figure class=\"wp-block-image size-large\"><a href=\"https:\/\/bourgeois21juillet.be\/wp-content\/uploads\/2025\/07\/dejeuner-2.jpg\"><img src=\"https:\/\/bourgeois21juillet.be\/wp-content\/uploads\/2025\/07\/dejeuner-2-819x1024.jpg\" alt=\"\" class=\"wp-image-14152\"\/><\/a><\/figure>\n<\/figure>\n<\/div>\n<\/div>\n\n\n\n<p><\/p>\n\n\n\n<p><\/p>\n\n\n\n<p><\/p>\n","protected":false},"excerpt":{"rendered":"<p>Cette ann\u00e9e, on d\u00e9marre la journ\u00e9e du bon pied\u2026 et le ventre plein !Rien de tel qu\u2019un bon petit d\u00e9jeuner partag\u00e9 pour se mettre en jambes avant une balade dans les alentours de Bourgeois. On vous donne rendez-vous d\u00e8s 09h30 sur la place, o\u00f9 viennoiseries, caf\u00e9 et bonne humeur seront [&hellip;]<\/p>\n","protected":false},"author":1,"featured_media":0,"parent":0,"menu_order":0,"comment_status":"closed","ping_status":"closed","template":"","meta":[],"_links":{"self":[{"href":"https:\/\/bourgeois21juillet.be\/index.php?rest_route=\/wp\/v2\/pages\/13924"}],"collection":[{"href":"https:\/\/bourgeois21juillet.be\/index.php?rest_route=\/wp\/v2\/pages"}],"about":[{"href":"https:\/\/bourgeois21juillet.be\/index.php?rest_route=\/wp\/v2\/types\/page"}],"author":[{"embeddable":true,"href":"https:\/\/bourgeois21juillet.be\/index.php?rest_route=\/wp\/v2\/users\/1"}],"replies":[{"embeddable":true,"href":"https:\/\/bourgeois21juillet.be\/index.php?rest_route=%2Fwp%2Fv2%2Fcomments&post=13924"}],"version-history":[{"count":16,"href":"https:\/\/bourgeois21juillet.be\/index.php?rest_route=\/wp\/v2\/pages\/13924\/revisions"}],"predecessor-version":[{"id":14171,"href":"https:\/\/bourgeois21juillet.be\/index.php?rest_route=\/wp\/v2\/pages\/13924\/revisions\/14171"}],"wp:attachment":[{"href":"https:\/\/bourgeois21juillet.be\/index.php?rest_route=%2Fwp%2Fv2%2Fmedia&parent=13924"}],"curies":[{"name":"wp","href":"https:\/\/api.w.org\/{rel}","templated":true}]}}