{"id":13936,"date":"2024-04-24T08:03:39","date_gmt":"2024-04-24T08:03:39","guid":{"rendered":"https:\/\/bourgeois21juillet.be\/?page_id=13936"},"modified":"2025-07-15T10:45:11","modified_gmt":"2025-07-15T10:45:11","slug":"et-bingooooo","status":"publish","type":"page","link":"https:\/\/bourgeois21juillet.be\/?page_id=13936","title":{"rendered":"ET BINGOOOOO!!!!"},"content":{"rendered":"\n<div class=\"wp-block-group has-ti-fg-alt-color has-ti-bg-inv-background-color has-text-color has-background is-layout-constrained\" style=\"margin-top:0px;margin-bottom:0px;padding-top:64px;padding-bottom:64px\"><div class=\"wp-block-group__inner-container\">\n<div class=\"wp-block-group is-layout-constrained\"><div class=\"wp-block-group__inner-container\">\n<div class=\"wp-block-media-text alignwide is-stacked-on-mobile\"><figure class=\"wp-block-media-text__media\"><img src=\"https:\/\/bourgeois21juillet.be\/wp-content\/uploads\/2025\/07\/2007_bingo-3-819x1024.png\" alt=\"\" class=\"wp-image-14166 size-full\"\/><\/figure><div class=\"wp-block-media-text__content\">\n<p>Avis aux amateurs de suspense et de sensations fortes : le grand bingo de Bourgeois revient le 20 juillet \u00e0 14h !<br>Et comme chaque ann\u00e9e, c\u2019est notre incontournable Fred qui sera aux commandes pour animer cette session pleine de bonne humeur.<\/p>\n\n\n\n<p>Des num\u00e9ros, des rires, des surprises, et surtout des lots \u00e0 la cl\u00e9 \u2014 il ne manque plus que vous (et votre porte-bonheur).<\/p>\n\n\n\n<p>Que vous soyez joueur du dimanche ou pro du carton plein, une chose est s\u00fbre : vous allez passer un super moment. Alors, installez-vous, ouvrez grand les oreilles... et que la chance soit avec vous !<\/p>\n<\/div><\/div>\n\n\n\n<div class=\"wp-block-media-text alignwide has-media-on-the-right is-stacked-on-mobile\"><div class=\"wp-block-media-text__content\">\n<p>Pas besoin de vous inscrire, venez juste avec votre bonne humeur et votre esprit vif, car nous avons pr\u00e9par\u00e9 des prix si dr\u00f4lement fabuleux que m\u00eame les pions du bingo en font des bonds de joie !<\/p>\n\n\n\n<p>Alors, que la chance soit avec vous, que les rires remplissent la pi\u00e8ce et que les \"bingo !\" retentissent comme une symphonie de victoire. Rejoignez-nous pour une apr\u00e8s-midi de divertissement sans \u00e9gal, o\u00f9 m\u00eame les num\u00e9ros ennuyeux deviennent des stars de la f\u00eate !<\/p>\n<\/div><figure class=\"wp-block-media-text__media\"><img src=\"https:\/\/bourgeois21juillet.be\/wp-content\/uploads\/2024\/04\/2307-21J-RIX-D1-S2-6.jpg\" alt=\"\" class=\"wp-image-13938 size-full\"\/><\/figure><\/div>\n<\/div><\/div>\n<\/div><\/div>\n","protected":false},"excerpt":{"rendered":"<p>Avis aux amateurs de suspense et de sensations fortes : le grand bingo de Bourgeois revient le 20 juillet \u00e0 14h !Et comme chaque ann\u00e9e, c\u2019est notre incontournable Fred qui sera aux commandes pour animer cette session pleine de bonne humeur. Des num\u00e9ros, des rires, des surprises, et surtout des [&hellip;]<\/p>\n","protected":false},"author":1,"featured_media":0,"parent":0,"menu_order":0,"comment_status":"closed","ping_status":"closed","template":"","meta":[],"_links":{"self":[{"href":"https:\/\/bourgeois21juillet.be\/index.php?rest_route=\/wp\/v2\/pages\/13936"}],"collection":[{"href":"https:\/\/bourgeois21juillet.be\/index.php?rest_route=\/wp\/v2\/pages"}],"about":[{"href":"https:\/\/bourgeois21juillet.be\/index.php?rest_route=\/wp\/v2\/types\/page"}],"author":[{"embeddable":true,"href":"https:\/\/bourgeois21juillet.be\/index.php?rest_route=\/wp\/v2\/users\/1"}],"replies":[{"embeddable":true,"href":"https:\/\/bourgeois21juillet.be\/index.php?rest_route=%2Fwp%2Fv2%2Fcomments&post=13936"}],"version-history":[{"count":4,"href":"https:\/\/bourgeois21juillet.be\/index.php?rest_route=\/wp\/v2\/pages\/13936\/revisions"}],"predecessor-version":[{"id":14168,"href":"https:\/\/bourgeois21juillet.be\/index.php?rest_route=\/wp\/v2\/pages\/13936\/revisions\/14168"}],"wp:attachment":[{"href":"https:\/\/bourgeois21juillet.be\/index.php?rest_route=%2Fwp%2Fv2%2Fmedia&parent=13936"}],"curies":[{"name":"wp","href":"https:\/\/api.w.org\/{rel}","templated":true}]}}