{"id":14222,"date":"2026-04-16T18:48:10","date_gmt":"2026-04-16T18:48:10","guid":{"rendered":"https:\/\/bourgeois21juillet.be\/?page_id=14222"},"modified":"2026-04-16T19:00:38","modified_gmt":"2026-04-16T19:00:38","slug":"edition-2025","status":"publish","type":"page","link":"https:\/\/bourgeois21juillet.be\/?page_id=14222","title":{"rendered":"Edition 2025"},"content":{"rendered":"\n<p>On remercie chaleureusement&nbsp;<strong>Pierre-Olivier Tulkens<\/strong>, notre photographe de talent pour ces superbes clich\u00e9s. N'h\u00e9sitez pas \u00e0 faire appel \u00e0 lui pour immortaliser des moments en familles, des \u00e9v\u00e8nements ou autres! Rendez-vous sur&nbsp;<a href=\"https:\/\/www.facebook.com\/Pierre.O.Tulkens\">sa page FB<\/a>!<\/p>\n\n\n\n<p><a href=\"https:\/\/potulkens.shootproof.com\/gallery\/Bourgeois25\/\">\u279c Cliquez ici pour acc\u00e9der aux photos de l'\u00e9dition 2025<\/a><\/p>\n","protected":false},"excerpt":{"rendered":"<p>On remercie chaleureusement&nbsp;Pierre-Olivier Tulkens, notre photographe de talent pour ces superbes clich\u00e9s. N&rsquo;h\u00e9sitez pas \u00e0 faire appel \u00e0 lui pour immortaliser des moments en familles, des \u00e9v\u00e8nements ou autres! Rendez-vous sur&nbsp;sa page FB! \u279c Cliquez ici pour acc\u00e9der aux photos de l&rsquo;\u00e9dition 2025<\/p>\n","protected":false},"author":1,"featured_media":0,"parent":0,"menu_order":0,"comment_status":"closed","ping_status":"closed","template":"","meta":[],"_links":{"self":[{"href":"https:\/\/bourgeois21juillet.be\/index.php?rest_route=\/wp\/v2\/pages\/14222"}],"collection":[{"href":"https:\/\/bourgeois21juillet.be\/index.php?rest_route=\/wp\/v2\/pages"}],"about":[{"href":"https:\/\/bourgeois21juillet.be\/index.php?rest_route=\/wp\/v2\/types\/page"}],"author":[{"embeddable":true,"href":"https:\/\/bourgeois21juillet.be\/index.php?rest_route=\/wp\/v2\/users\/1"}],"replies":[{"embeddable":true,"href":"https:\/\/bourgeois21juillet.be\/index.php?rest_route=%2Fwp%2Fv2%2Fcomments&post=14222"}],"version-history":[{"count":5,"href":"https:\/\/bourgeois21juillet.be\/index.php?rest_route=\/wp\/v2\/pages\/14222\/revisions"}],"predecessor-version":[{"id":14252,"href":"https:\/\/bourgeois21juillet.be\/index.php?rest_route=\/wp\/v2\/pages\/14222\/revisions\/14252"}],"wp:attachment":[{"href":"https:\/\/bourgeois21juillet.be\/index.php?rest_route=%2Fwp%2Fv2%2Fmedia&parent=14222"}],"curies":[{"name":"wp","href":"https:\/\/api.w.org\/{rel}","templated":true}]}}