{"id":5539,"date":"2016-02-20T16:44:49","date_gmt":"2016-02-20T16:44:49","guid":{"rendered":"http:\/\/bourgeois21juillet.be\/?page_id=5539"},"modified":"2026-04-16T20:13:52","modified_gmt":"2026-04-16T20:13:52","slug":"sponsors","status":"publish","type":"page","link":"https:\/\/bourgeois21juillet.be\/?page_id=5539","title":{"rendered":"Sponsors"},"content":{"rendered":"<h2>Sponsors<\/h2>\n<p style=\"text-align: left;\">Chaque ann\u00e9e les f\u00eates sont sponsoris\u00e9es par des entreprises locales et qui ont \u00e0 coeur de voir leur commune vivre.<\/p>\n<p>On tient \u00e0 les remercier pour leur confiance!<\/p>\n\n\n<div style=\"height:60px\" aria-hidden=\"true\" class=\"wp-block-spacer\"><\/div>\n","protected":false},"excerpt":{"rendered":"<p>Sponsors Chaque ann\u00e9e les f\u00eates sont sponsoris\u00e9es par des entreprises locales et qui ont \u00e0 coeur de voir leur commune vivre. On tient \u00e0 les remercier pour leur confiance!<\/p>\n","protected":false},"author":3,"featured_media":0,"parent":0,"menu_order":10,"comment_status":"closed","ping_status":"closed","template":"","meta":[],"_links":{"self":[{"href":"https:\/\/bourgeois21juillet.be\/index.php?rest_route=\/wp\/v2\/pages\/5539"}],"collection":[{"href":"https:\/\/bourgeois21juillet.be\/index.php?rest_route=\/wp\/v2\/pages"}],"about":[{"href":"https:\/\/bourgeois21juillet.be\/index.php?rest_route=\/wp\/v2\/types\/page"}],"author":[{"embeddable":true,"href":"https:\/\/bourgeois21juillet.be\/index.php?rest_route=\/wp\/v2\/users\/3"}],"replies":[{"embeddable":true,"href":"https:\/\/bourgeois21juillet.be\/index.php?rest_route=%2Fwp%2Fv2%2Fcomments&post=5539"}],"version-history":[{"count":5,"href":"https:\/\/bourgeois21juillet.be\/index.php?rest_route=\/wp\/v2\/pages\/5539\/revisions"}],"predecessor-version":[{"id":14311,"href":"https:\/\/bourgeois21juillet.be\/index.php?rest_route=\/wp\/v2\/pages\/5539\/revisions\/14311"}],"wp:attachment":[{"href":"https:\/\/bourgeois21juillet.be\/index.php?rest_route=%2Fwp%2Fv2%2Fmedia&parent=5539"}],"curies":[{"name":"wp","href":"https:\/\/api.w.org\/{rel}","templated":true}]}}