{"id":6888,"date":"2018-07-11T15:31:53","date_gmt":"2018-07-11T15:31:53","guid":{"rendered":"http:\/\/bourgeois21juillet.be\/?page_id=6888"},"modified":"2018-07-11T15:31:53","modified_gmt":"2018-07-11T15:31:53","slug":"sponsors-2018","status":"publish","type":"page","link":"https:\/\/bourgeois21juillet.be\/?page_id=6888","title":{"rendered":"Sponsors 2018"},"content":{"rendered":"\n<div class=\"ngg-galleryoverview ngg-template-caption\" id=\"ngg-gallery-7022-6888\">\n\n\n\t<!-- Thumbnails -->\n    \t\t\n\t<div id=\"ngg-image-3252\" class=\"ngg-gallery-thumbnail-box\"  >\n\t\t<div class=\"ngg-gallery-thumbnail\" >\n\t\t\t<a href=\"https:\/\/bourgeois21juillet.be\/wp-content\/gallery\/sponsors-2018\/Caf%C3%A9-du-Lac.jpg\"\n               title=\" \"\n                data-image-id=\"3252\" data-src=\"https:\/\/bourgeois21juillet.be\/wp-content\/gallery\/sponsors-2018\/Caf%C3%A9-du-Lac.jpg\" data-thumbnail=\"https:\/\/bourgeois21juillet.be\/wp-content\/gallery\/sponsors-2018\/thumbs\/thumbs_Caf%C3%A9-du-Lac.jpg\" data-title=\"Caf\u00e9 du Lac\" data-description=\" \" >\n\t\t\t\t\t\t\t\t<img title=\"Caf\u00e9 du Lac\" alt=\"Caf\u00e9 du Lac\" src=\"https:\/\/bourgeois21juillet.be\/wp-content\/gallery\/sponsors-2018\/thumbs\/thumbs_Caf%C3%A9-du-Lac.jpg\" width='120' height='90' \/>\n\t\t\t\t\t\t\t<\/a>\n\t\t\t<span> <\/span>\n\t\t<\/div>\n\t<\/div>\n\t\t \t\t\n\t<div id=\"ngg-image-3267\" class=\"ngg-gallery-thumbnail-box\"  >\n\t\t<div class=\"ngg-gallery-thumbnail\" >\n\t\t\t<a href=\"https:\/\/bourgeois21juillet.be\/wp-content\/gallery\/sponsors-2018\/Godilliot.jpg\"\n               title=\" \"\n                data-image-id=\"3267\" data-src=\"https:\/\/bourgeois21juillet.be\/wp-content\/gallery\/sponsors-2018\/Godilliot.jpg\" data-thumbnail=\"https:\/\/bourgeois21juillet.be\/wp-content\/gallery\/sponsors-2018\/thumbs\/thumbs_Godilliot.jpg\" data-title=\"Godilliot\" data-description=\" \" >\n\t\t\t\t\t\t\t\t<img title=\"Godilliot\" alt=\"Godilliot\" src=\"https:\/\/bourgeois21juillet.be\/wp-content\/gallery\/sponsors-2018\/thumbs\/thumbs_Godilliot.jpg\" width='120' height='90' \/>\n\t\t\t\t\t\t\t<\/a>\n\t\t\t<span> <\/span>\n\t\t<\/div>\n\t<\/div>\n\t\t \t\t\n\t<div id=\"ngg-image-3268\" class=\"ngg-gallery-thumbnail-box\"  >\n\t\t<div class=\"ngg-gallery-thumbnail\" >\n\t\t\t<a href=\"https:\/\/bourgeois21juillet.be\/wp-content\/gallery\/sponsors-2018\/H2O.jpg\"\n               title=\" \"\n                data-image-id=\"3268\" data-src=\"https:\/\/bourgeois21juillet.be\/wp-content\/gallery\/sponsors-2018\/H2O.jpg\" data-thumbnail=\"https:\/\/bourgeois21juillet.be\/wp-content\/gallery\/sponsors-2018\/thumbs\/thumbs_H2O.jpg\" data-title=\"H2O\" data-description=\" \" >\n\t\t\t\t\t\t\t\t<img title=\"H2O\" alt=\"H2O\" src=\"https:\/\/bourgeois21juillet.be\/wp-content\/gallery\/sponsors-2018\/thumbs\/thumbs_H2O.jpg\" width='120' height='90' \/>\n\t\t\t\t\t\t\t<\/a>\n\t\t\t<span> <\/span>\n\t\t<\/div>\n\t<\/div>\n\t\t \t\t\n\t<div id=\"ngg-image-3278\" class=\"ngg-gallery-thumbnail-box\"  >\n\t\t<div class=\"ngg-gallery-thumbnail\" >\n\t\t\t<a href=\"https:\/\/bourgeois21juillet.be\/wp-content\/gallery\/sponsors-2018\/Lilas-dAsie.jpg\"\n               title=\" \"\n                data-image-id=\"3278\" data-src=\"https:\/\/bourgeois21juillet.be\/wp-content\/gallery\/sponsors-2018\/Lilas-dAsie.jpg\" data-thumbnail=\"https:\/\/bourgeois21juillet.be\/wp-content\/gallery\/sponsors-2018\/thumbs\/thumbs_Lilas-dAsie.jpg\" data-title=\"Lilas d&#039;Asie\" data-description=\" \" >\n\t\t\t\t\t\t\t\t<img title=\"Lilas d&#039;Asie\" alt=\"Lilas d&#039;Asie\" src=\"https:\/\/bourgeois21juillet.be\/wp-content\/gallery\/sponsors-2018\/thumbs\/thumbs_Lilas-dAsie.jpg\" width='120' height='90' \/>\n\t\t\t\t\t\t\t<\/a>\n\t\t\t<span> <\/span>\n\t\t<\/div>\n\t<\/div>\n\t\t \t\t\n\t<div id=\"ngg-image-3301\" class=\"ngg-gallery-thumbnail-box\"  >\n\t\t<div class=\"ngg-gallery-thumbnail\" >\n\t\t\t<a href=\"https:\/\/bourgeois21juillet.be\/wp-content\/gallery\/sponsors-2018\/Yach-Club.jpg\"\n               title=\" \"\n                data-image-id=\"3301\" data-src=\"https:\/\/bourgeois21juillet.be\/wp-content\/gallery\/sponsors-2018\/Yach-Club.jpg\" data-thumbnail=\"https:\/\/bourgeois21juillet.be\/wp-content\/gallery\/sponsors-2018\/thumbs\/thumbs_Yach-Club.jpg\" data-title=\"Yach Club\" data-description=\" \" >\n\t\t\t\t\t\t\t\t<img title=\"Yach Club\" alt=\"Yach Club\" src=\"https:\/\/bourgeois21juillet.be\/wp-content\/gallery\/sponsors-2018\/thumbs\/thumbs_Yach-Club.jpg\" width='120' height='90' \/>\n\t\t\t\t\t\t\t<\/a>\n\t\t\t<span> <\/span>\n\t\t<\/div>\n\t<\/div>\n\t\t \t\t\n\t<div id=\"ngg-image-3292\" class=\"ngg-gallery-thumbnail-box\"  >\n\t\t<div class=\"ngg-gallery-thumbnail\" >\n\t\t\t<a href=\"https:\/\/bourgeois21juillet.be\/wp-content\/gallery\/sponsors-2018\/Sam.jpg\"\n               title=\" \"\n                data-image-id=\"3292\" data-src=\"https:\/\/bourgeois21juillet.be\/wp-content\/gallery\/sponsors-2018\/Sam.jpg\" data-thumbnail=\"https:\/\/bourgeois21juillet.be\/wp-content\/gallery\/sponsors-2018\/thumbs\/thumbs_Sam.jpg\" data-title=\"Sam\" data-description=\" \" >\n\t\t\t\t\t\t\t\t<img title=\"Sam\" alt=\"Sam\" src=\"https:\/\/bourgeois21juillet.be\/wp-content\/gallery\/sponsors-2018\/thumbs\/thumbs_Sam.jpg\" width='120' height='90' \/>\n\t\t\t\t\t\t\t<\/a>\n\t\t\t<span> <\/span>\n\t\t<\/div>\n\t<\/div>\n\t\t \t\t\n\t<div id=\"ngg-image-3262\" class=\"ngg-gallery-thumbnail-box\"  >\n\t\t<div class=\"ngg-gallery-thumbnail\" >\n\t\t\t<a href=\"https:\/\/bourgeois21juillet.be\/wp-content\/gallery\/sponsors-2018\/Delbrassine.jpg\"\n               title=\" \"\n                data-image-id=\"3262\" data-src=\"https:\/\/bourgeois21juillet.be\/wp-content\/gallery\/sponsors-2018\/Delbrassine.jpg\" data-thumbnail=\"https:\/\/bourgeois21juillet.be\/wp-content\/gallery\/sponsors-2018\/thumbs\/thumbs_Delbrassine.jpg\" data-title=\"Delbrassine\" data-description=\" \" >\n\t\t\t\t\t\t\t\t<img title=\"Delbrassine\" alt=\"Delbrassine\" src=\"https:\/\/bourgeois21juillet.be\/wp-content\/gallery\/sponsors-2018\/thumbs\/thumbs_Delbrassine.jpg\" width='120' height='90' \/>\n\t\t\t\t\t\t\t<\/a>\n\t\t\t<span> <\/span>\n\t\t<\/div>\n\t<\/div>\n\t\t \t\t\n\t<div id=\"ngg-image-3261\" class=\"ngg-gallery-thumbnail-box\"  >\n\t\t<div class=\"ngg-gallery-thumbnail\" >\n\t\t\t<a href=\"https:\/\/bourgeois21juillet.be\/wp-content\/gallery\/sponsors-2018\/Decrouez.jpg\"\n               title=\" \"\n                data-image-id=\"3261\" data-src=\"https:\/\/bourgeois21juillet.be\/wp-content\/gallery\/sponsors-2018\/Decrouez.jpg\" data-thumbnail=\"https:\/\/bourgeois21juillet.be\/wp-content\/gallery\/sponsors-2018\/thumbs\/thumbs_Decrouez.jpg\" data-title=\"Decrouez\" data-description=\" \" >\n\t\t\t\t\t\t\t\t<img title=\"Decrouez\" alt=\"Decrouez\" src=\"https:\/\/bourgeois21juillet.be\/wp-content\/gallery\/sponsors-2018\/thumbs\/thumbs_Decrouez.jpg\" width='120' height='90' \/>\n\t\t\t\t\t\t\t<\/a>\n\t\t\t<span> <\/span>\n\t\t<\/div>\n\t<\/div>\n\t\t \t\t\n\t<div id=\"ngg-image-3260\" class=\"ngg-gallery-thumbnail-box\"  >\n\t\t<div class=\"ngg-gallery-thumbnail\" >\n\t\t\t<a href=\"https:\/\/bourgeois21juillet.be\/wp-content\/gallery\/sponsors-2018\/Copp%C3%A9.jpg\"\n               title=\" \"\n                data-image-id=\"3260\" data-src=\"https:\/\/bourgeois21juillet.be\/wp-content\/gallery\/sponsors-2018\/Copp%C3%A9.jpg\" data-thumbnail=\"https:\/\/bourgeois21juillet.be\/wp-content\/gallery\/sponsors-2018\/thumbs\/thumbs_Copp%C3%A9.jpg\" data-title=\"Copp\u00e9\" data-description=\" \" >\n\t\t\t\t\t\t\t\t<img title=\"Copp\u00e9\" alt=\"Copp\u00e9\" src=\"https:\/\/bourgeois21juillet.be\/wp-content\/gallery\/sponsors-2018\/thumbs\/thumbs_Copp%C3%A9.jpg\" width='120' height='90' \/>\n\t\t\t\t\t\t\t<\/a>\n\t\t\t<span> <\/span>\n\t\t<\/div>\n\t<\/div>\n\t\t \t\t\n\t<div id=\"ngg-image-3259\" class=\"ngg-gallery-thumbnail-box\"  >\n\t\t<div class=\"ngg-gallery-thumbnail\" >\n\t\t\t<a href=\"https:\/\/bourgeois21juillet.be\/wp-content\/gallery\/sponsors-2018\/Cocoon.jpg\"\n               title=\" \"\n                data-image-id=\"3259\" data-src=\"https:\/\/bourgeois21juillet.be\/wp-content\/gallery\/sponsors-2018\/Cocoon.jpg\" data-thumbnail=\"https:\/\/bourgeois21juillet.be\/wp-content\/gallery\/sponsors-2018\/thumbs\/thumbs_Cocoon.jpg\" data-title=\"Cocoon\" data-description=\" \" >\n\t\t\t\t\t\t\t\t<img title=\"Cocoon\" alt=\"Cocoon\" src=\"https:\/\/bourgeois21juillet.be\/wp-content\/gallery\/sponsors-2018\/thumbs\/thumbs_Cocoon.jpg\" width='120' height='90' \/>\n\t\t\t\t\t\t\t<\/a>\n\t\t\t<span> <\/span>\n\t\t<\/div>\n\t<\/div>\n\t\t \t\t\n\t<div id=\"ngg-image-3269\" class=\"ngg-gallery-thumbnail-box\"  >\n\t\t<div class=\"ngg-gallery-thumbnail\" >\n\t\t\t<a href=\"https:\/\/bourgeois21juillet.be\/wp-content\/gallery\/sponsors-2018\/Hach%C3%A9-pr%C3%A9par%C3%A9.jpg\"\n               title=\" \"\n                data-image-id=\"3269\" data-src=\"https:\/\/bourgeois21juillet.be\/wp-content\/gallery\/sponsors-2018\/Hach%C3%A9-pr%C3%A9par%C3%A9.jpg\" data-thumbnail=\"https:\/\/bourgeois21juillet.be\/wp-content\/gallery\/sponsors-2018\/thumbs\/thumbs_Hach%C3%A9-pr%C3%A9par%C3%A9.jpg\" data-title=\"Hach\u00e9 pr\u00e9par\u00e9\" data-description=\" \" >\n\t\t\t\t\t\t\t\t<img title=\"Hach\u00e9 pr\u00e9par\u00e9\" alt=\"Hach\u00e9 pr\u00e9par\u00e9\" src=\"https:\/\/bourgeois21juillet.be\/wp-content\/gallery\/sponsors-2018\/thumbs\/thumbs_Hach%C3%A9-pr%C3%A9par%C3%A9.jpg\" width='120' height='90' \/>\n\t\t\t\t\t\t\t<\/a>\n\t\t\t<span> <\/span>\n\t\t<\/div>\n\t<\/div>\n\t\t \t\t\n\t<div id=\"ngg-image-3275\" class=\"ngg-gallery-thumbnail-box\"  >\n\t\t<div class=\"ngg-gallery-thumbnail\" >\n\t\t\t<a href=\"https:\/\/bourgeois21juillet.be\/wp-content\/gallery\/sponsors-2018\/Lebon.jpg\"\n               title=\" \"\n                data-image-id=\"3275\" data-src=\"https:\/\/bourgeois21juillet.be\/wp-content\/gallery\/sponsors-2018\/Lebon.jpg\" data-thumbnail=\"https:\/\/bourgeois21juillet.be\/wp-content\/gallery\/sponsors-2018\/thumbs\/thumbs_Lebon.jpg\" data-title=\"Lebon\" data-description=\" \" >\n\t\t\t\t\t\t\t\t<img title=\"Lebon\" alt=\"Lebon\" src=\"https:\/\/bourgeois21juillet.be\/wp-content\/gallery\/sponsors-2018\/thumbs\/thumbs_Lebon.jpg\" width='120' height='90' \/>\n\t\t\t\t\t\t\t<\/a>\n\t\t\t<span> <\/span>\n\t\t<\/div>\n\t<\/div>\n\t\t \t\t\n\t<div id=\"ngg-image-3283\" class=\"ngg-gallery-thumbnail-box\"  >\n\t\t<div class=\"ngg-gallery-thumbnail\" >\n\t\t\t<a href=\"https:\/\/bourgeois21juillet.be\/wp-content\/gallery\/sponsors-2018\/Mohimont.jpg\"\n               title=\" \"\n                data-image-id=\"3283\" data-src=\"https:\/\/bourgeois21juillet.be\/wp-content\/gallery\/sponsors-2018\/Mohimont.jpg\" data-thumbnail=\"https:\/\/bourgeois21juillet.be\/wp-content\/gallery\/sponsors-2018\/thumbs\/thumbs_Mohimont.jpg\" data-title=\"Mohimont\" data-description=\" \" >\n\t\t\t\t\t\t\t\t<img title=\"Mohimont\" alt=\"Mohimont\" src=\"https:\/\/bourgeois21juillet.be\/wp-content\/gallery\/sponsors-2018\/thumbs\/thumbs_Mohimont.jpg\" width='120' height='90' \/>\n\t\t\t\t\t\t\t<\/a>\n\t\t\t<span> <\/span>\n\t\t<\/div>\n\t<\/div>\n\t\t \t\t\n\t<div id=\"ngg-image-3293\" class=\"ngg-gallery-thumbnail-box\"  >\n\t\t<div class=\"ngg-gallery-thumbnail\" >\n\t\t\t<a href=\"https:\/\/bourgeois21juillet.be\/wp-content\/gallery\/sponsors-2018\/Sebastien-Vanbalen.jpg\"\n               title=\" \"\n                data-image-id=\"3293\" data-src=\"https:\/\/bourgeois21juillet.be\/wp-content\/gallery\/sponsors-2018\/Sebastien-Vanbalen.jpg\" data-thumbnail=\"https:\/\/bourgeois21juillet.be\/wp-content\/gallery\/sponsors-2018\/thumbs\/thumbs_Sebastien-Vanbalen.jpg\" data-title=\"Sebastien Vanbalen\" data-description=\" \" >\n\t\t\t\t\t\t\t\t<img title=\"Sebastien Vanbalen\" alt=\"Sebastien Vanbalen\" src=\"https:\/\/bourgeois21juillet.be\/wp-content\/gallery\/sponsors-2018\/thumbs\/thumbs_Sebastien-Vanbalen.jpg\" width='120' height='90' \/>\n\t\t\t\t\t\t\t<\/a>\n\t\t\t<span> <\/span>\n\t\t<\/div>\n\t<\/div>\n\t\t \t\t\n\t<div id=\"ngg-image-3254\" class=\"ngg-gallery-thumbnail-box\"  >\n\t\t<div class=\"ngg-gallery-thumbnail\" >\n\t\t\t<a href=\"https:\/\/bourgeois21juillet.be\/wp-content\/gallery\/sponsors-2018\/Cefig.jpg\"\n               title=\" \"\n                data-image-id=\"3254\" data-src=\"https:\/\/bourgeois21juillet.be\/wp-content\/gallery\/sponsors-2018\/Cefig.jpg\" data-thumbnail=\"https:\/\/bourgeois21juillet.be\/wp-content\/gallery\/sponsors-2018\/thumbs\/thumbs_Cefig.jpg\" data-title=\"Cefig\" data-description=\" \" >\n\t\t\t\t\t\t\t\t<img title=\"Cefig\" alt=\"Cefig\" src=\"https:\/\/bourgeois21juillet.be\/wp-content\/gallery\/sponsors-2018\/thumbs\/thumbs_Cefig.jpg\" width='120' height='90' \/>\n\t\t\t\t\t\t\t<\/a>\n\t\t\t<span> <\/span>\n\t\t<\/div>\n\t<\/div>\n\t\t \t\t\n\t<div id=\"ngg-image-3253\" class=\"ngg-gallery-thumbnail-box\"  >\n\t\t<div class=\"ngg-gallery-thumbnail\" >\n\t\t\t<a href=\"https:\/\/bourgeois21juillet.be\/wp-content\/gallery\/sponsors-2018\/Carodec.jpg\"\n               title=\" \"\n                data-image-id=\"3253\" data-src=\"https:\/\/bourgeois21juillet.be\/wp-content\/gallery\/sponsors-2018\/Carodec.jpg\" data-thumbnail=\"https:\/\/bourgeois21juillet.be\/wp-content\/gallery\/sponsors-2018\/thumbs\/thumbs_Carodec.jpg\" data-title=\"Carodec\" data-description=\" \" >\n\t\t\t\t\t\t\t\t<img title=\"Carodec\" alt=\"Carodec\" src=\"https:\/\/bourgeois21juillet.be\/wp-content\/gallery\/sponsors-2018\/thumbs\/thumbs_Carodec.jpg\" width='120' height='90' \/>\n\t\t\t\t\t\t\t<\/a>\n\t\t\t<span> <\/span>\n\t\t<\/div>\n\t<\/div>\n\t\t \t\t\n\t<div id=\"ngg-image-3237\" class=\"ngg-gallery-thumbnail-box\"  >\n\t\t<div class=\"ngg-gallery-thumbnail\" >\n\t\t\t<a href=\"https:\/\/bourgeois21juillet.be\/wp-content\/gallery\/sponsors-2018\/Adam.jpg\"\n               title=\" \"\n                data-image-id=\"3237\" data-src=\"https:\/\/bourgeois21juillet.be\/wp-content\/gallery\/sponsors-2018\/Adam.jpg\" data-thumbnail=\"https:\/\/bourgeois21juillet.be\/wp-content\/gallery\/sponsors-2018\/thumbs\/thumbs_Adam.jpg\" data-title=\"Adam\" data-description=\" \" >\n\t\t\t\t\t\t\t\t<img title=\"Adam\" alt=\"Adam\" src=\"https:\/\/bourgeois21juillet.be\/wp-content\/gallery\/sponsors-2018\/thumbs\/thumbs_Adam.jpg\" width='120' height='90' \/>\n\t\t\t\t\t\t\t<\/a>\n\t\t\t<span> <\/span>\n\t\t<\/div>\n\t<\/div>\n\t\t \t\t\n\t<div id=\"ngg-image-3251\" class=\"ngg-gallery-thumbnail-box\"  >\n\t\t<div class=\"ngg-gallery-thumbnail\" >\n\t\t\t<a href=\"https:\/\/bourgeois21juillet.be\/wp-content\/gallery\/sponsors-2018\/Braun-et-Fils.jpg\"\n               title=\" \"\n                data-image-id=\"3251\" data-src=\"https:\/\/bourgeois21juillet.be\/wp-content\/gallery\/sponsors-2018\/Braun-et-Fils.jpg\" data-thumbnail=\"https:\/\/bourgeois21juillet.be\/wp-content\/gallery\/sponsors-2018\/thumbs\/thumbs_Braun-et-Fils.jpg\" data-title=\"Braun et Fils\" data-description=\" \" >\n\t\t\t\t\t\t\t\t<img title=\"Braun et Fils\" alt=\"Braun et Fils\" src=\"https:\/\/bourgeois21juillet.be\/wp-content\/gallery\/sponsors-2018\/thumbs\/thumbs_Braun-et-Fils.jpg\" width='120' height='90' \/>\n\t\t\t\t\t\t\t<\/a>\n\t\t\t<span> <\/span>\n\t\t<\/div>\n\t<\/div>\n\t\t \t\t\n\t<div id=\"ngg-image-3270\" class=\"ngg-gallery-thumbnail-box\"  >\n\t\t<div class=\"ngg-gallery-thumbnail\" >\n\t\t\t<a href=\"https:\/\/bourgeois21juillet.be\/wp-content\/gallery\/sponsors-2018\/Hesse.jpg\"\n               title=\" \"\n                data-image-id=\"3270\" data-src=\"https:\/\/bourgeois21juillet.be\/wp-content\/gallery\/sponsors-2018\/Hesse.jpg\" data-thumbnail=\"https:\/\/bourgeois21juillet.be\/wp-content\/gallery\/sponsors-2018\/thumbs\/thumbs_Hesse.jpg\" data-title=\"Hesse\" data-description=\" \" >\n\t\t\t\t\t\t\t\t<img title=\"Hesse\" alt=\"Hesse\" src=\"https:\/\/bourgeois21juillet.be\/wp-content\/gallery\/sponsors-2018\/thumbs\/thumbs_Hesse.jpg\" width='120' height='90' \/>\n\t\t\t\t\t\t\t<\/a>\n\t\t\t<span> <\/span>\n\t\t<\/div>\n\t<\/div>\n\t\t \t\t\n\t<div id=\"ngg-image-3276\" class=\"ngg-gallery-thumbnail-box\"  >\n\t\t<div class=\"ngg-gallery-thumbnail\" >\n\t\t\t<a href=\"https:\/\/bourgeois21juillet.be\/wp-content\/gallery\/sponsors-2018\/Leloup.jpg\"\n               title=\" \"\n                data-image-id=\"3276\" data-src=\"https:\/\/bourgeois21juillet.be\/wp-content\/gallery\/sponsors-2018\/Leloup.jpg\" data-thumbnail=\"https:\/\/bourgeois21juillet.be\/wp-content\/gallery\/sponsors-2018\/thumbs\/thumbs_Leloup.jpg\" data-title=\"Leloup\" data-description=\" \" >\n\t\t\t\t\t\t\t\t<img title=\"Leloup\" alt=\"Leloup\" src=\"https:\/\/bourgeois21juillet.be\/wp-content\/gallery\/sponsors-2018\/thumbs\/thumbs_Leloup.jpg\" width='120' height='90' \/>\n\t\t\t\t\t\t\t<\/a>\n\t\t\t<span> <\/span>\n\t\t<\/div>\n\t<\/div>\n\t\t \t\t\n\t<div id=\"ngg-image-3284\" class=\"ngg-gallery-thumbnail-box\"  >\n\t\t<div class=\"ngg-gallery-thumbnail\" >\n\t\t\t<a href=\"https:\/\/bourgeois21juillet.be\/wp-content\/gallery\/sponsors-2018\/Nanas.jpg\"\n               title=\" \"\n                data-image-id=\"3284\" data-src=\"https:\/\/bourgeois21juillet.be\/wp-content\/gallery\/sponsors-2018\/Nanas.jpg\" data-thumbnail=\"https:\/\/bourgeois21juillet.be\/wp-content\/gallery\/sponsors-2018\/thumbs\/thumbs_Nanas.jpg\" data-title=\"Nanas\" data-description=\" \" >\n\t\t\t\t\t\t\t\t<img title=\"Nanas\" alt=\"Nanas\" src=\"https:\/\/bourgeois21juillet.be\/wp-content\/gallery\/sponsors-2018\/thumbs\/thumbs_Nanas.jpg\" width='120' height='90' \/>\n\t\t\t\t\t\t\t<\/a>\n\t\t\t<span> <\/span>\n\t\t<\/div>\n\t<\/div>\n\t\t \t\t\n\t<div id=\"ngg-image-3300\" class=\"ngg-gallery-thumbnail-box\"  >\n\t\t<div class=\"ngg-gallery-thumbnail\" >\n\t\t\t<a href=\"https:\/\/bourgeois21juillet.be\/wp-content\/gallery\/sponsors-2018\/Warzee.jpg\"\n               title=\" \"\n                data-image-id=\"3300\" data-src=\"https:\/\/bourgeois21juillet.be\/wp-content\/gallery\/sponsors-2018\/Warzee.jpg\" data-thumbnail=\"https:\/\/bourgeois21juillet.be\/wp-content\/gallery\/sponsors-2018\/thumbs\/thumbs_Warzee.jpg\" data-title=\"Warzee\" data-description=\" \" >\n\t\t\t\t\t\t\t\t<img title=\"Warzee\" alt=\"Warzee\" src=\"https:\/\/bourgeois21juillet.be\/wp-content\/gallery\/sponsors-2018\/thumbs\/thumbs_Warzee.jpg\" width='120' height='90' \/>\n\t\t\t\t\t\t\t<\/a>\n\t\t\t<span> <\/span>\n\t\t<\/div>\n\t<\/div>\n\t\t \t\t\n\t<div id=\"ngg-image-3246\" class=\"ngg-gallery-thumbnail-box\"  >\n\t\t<div class=\"ngg-gallery-thumbnail\" >\n\t\t\t<a href=\"https:\/\/bourgeois21juillet.be\/wp-content\/gallery\/sponsors-2018\/BelRTL.jpg\"\n               title=\" \"\n                data-image-id=\"3246\" data-src=\"https:\/\/bourgeois21juillet.be\/wp-content\/gallery\/sponsors-2018\/BelRTL.jpg\" data-thumbnail=\"https:\/\/bourgeois21juillet.be\/wp-content\/gallery\/sponsors-2018\/thumbs\/thumbs_BelRTL.jpg\" data-title=\"BelRTL\" data-description=\" \" >\n\t\t\t\t\t\t\t\t<img title=\"BelRTL\" alt=\"BelRTL\" src=\"https:\/\/bourgeois21juillet.be\/wp-content\/gallery\/sponsors-2018\/thumbs\/thumbs_BelRTL.jpg\" width='120' height='90' \/>\n\t\t\t\t\t\t\t<\/a>\n\t\t\t<span> <\/span>\n\t\t<\/div>\n\t<\/div>\n\t\t \t\t\n\t<div id=\"ngg-image-3245\" class=\"ngg-gallery-thumbnail-box\"  >\n\t\t<div class=\"ngg-gallery-thumbnail\" >\n\t\t\t<a href=\"https:\/\/bourgeois21juillet.be\/wp-content\/gallery\/sponsors-2018\/Automecar.jpg\"\n               title=\" \"\n                data-image-id=\"3245\" data-src=\"https:\/\/bourgeois21juillet.be\/wp-content\/gallery\/sponsors-2018\/Automecar.jpg\" data-thumbnail=\"https:\/\/bourgeois21juillet.be\/wp-content\/gallery\/sponsors-2018\/thumbs\/thumbs_Automecar.jpg\" data-title=\"Automecar\" data-description=\" \" >\n\t\t\t\t\t\t\t\t<img title=\"Automecar\" alt=\"Automecar\" src=\"https:\/\/bourgeois21juillet.be\/wp-content\/gallery\/sponsors-2018\/thumbs\/thumbs_Automecar.jpg\" width='120' height='90' \/>\n\t\t\t\t\t\t\t<\/a>\n\t\t\t<span> <\/span>\n\t\t<\/div>\n\t<\/div>\n\t\t \t\t\n\t<div id=\"ngg-image-3244\" class=\"ngg-gallery-thumbnail-box\"  >\n\t\t<div class=\"ngg-gallery-thumbnail\" >\n\t\t\t<a href=\"https:\/\/bourgeois21juillet.be\/wp-content\/gallery\/sponsors-2018\/Atome.jpg\"\n               title=\" \"\n                data-image-id=\"3244\" data-src=\"https:\/\/bourgeois21juillet.be\/wp-content\/gallery\/sponsors-2018\/Atome.jpg\" data-thumbnail=\"https:\/\/bourgeois21juillet.be\/wp-content\/gallery\/sponsors-2018\/thumbs\/thumbs_Atome.jpg\" data-title=\"Atome\" data-description=\" \" >\n\t\t\t\t\t\t\t\t<img title=\"Atome\" alt=\"Atome\" src=\"https:\/\/bourgeois21juillet.be\/wp-content\/gallery\/sponsors-2018\/thumbs\/thumbs_Atome.jpg\" width='120' height='90' \/>\n\t\t\t\t\t\t\t<\/a>\n\t\t\t<span> <\/span>\n\t\t<\/div>\n\t<\/div>\n\t\t \t\t\n\t<div id=\"ngg-image-3243\" class=\"ngg-gallery-thumbnail-box\"  >\n\t\t<div class=\"ngg-gallery-thumbnail\" >\n\t\t\t<a href=\"https:\/\/bourgeois21juillet.be\/wp-content\/gallery\/sponsors-2018\/Arteplan2018.jpg\"\n               title=\" \"\n                data-image-id=\"3243\" data-src=\"https:\/\/bourgeois21juillet.be\/wp-content\/gallery\/sponsors-2018\/Arteplan2018.jpg\" data-thumbnail=\"https:\/\/bourgeois21juillet.be\/wp-content\/gallery\/sponsors-2018\/thumbs\/thumbs_Arteplan2018.jpg\" data-title=\"Arteplan2018\" data-description=\" \" >\n\t\t\t\t\t\t\t\t<img title=\"Arteplan2018\" alt=\"Arteplan2018\" src=\"https:\/\/bourgeois21juillet.be\/wp-content\/gallery\/sponsors-2018\/thumbs\/thumbs_Arteplan2018.jpg\" width='120' height='90' \/>\n\t\t\t\t\t\t\t<\/a>\n\t\t\t<span> <\/span>\n\t\t<\/div>\n\t<\/div>\n\t\t \t\t\n\t<div id=\"ngg-image-3291\" class=\"ngg-gallery-thumbnail-box\"  >\n\t\t<div class=\"ngg-gallery-thumbnail\" >\n\t\t\t<a href=\"https:\/\/bourgeois21juillet.be\/wp-content\/gallery\/sponsors-2018\/Rossi.jpg\"\n               title=\" \"\n                data-image-id=\"3291\" data-src=\"https:\/\/bourgeois21juillet.be\/wp-content\/gallery\/sponsors-2018\/Rossi.jpg\" data-thumbnail=\"https:\/\/bourgeois21juillet.be\/wp-content\/gallery\/sponsors-2018\/thumbs\/thumbs_Rossi.jpg\" data-title=\"Rossi\" data-description=\" \" >\n\t\t\t\t\t\t\t\t<img title=\"Rossi\" alt=\"Rossi\" src=\"https:\/\/bourgeois21juillet.be\/wp-content\/gallery\/sponsors-2018\/thumbs\/thumbs_Rossi.jpg\" width='120' height='90' \/>\n\t\t\t\t\t\t\t<\/a>\n\t\t\t<span> <\/span>\n\t\t<\/div>\n\t<\/div>\n\t\t \t\t\n\t<div id=\"ngg-image-3277\" class=\"ngg-gallery-thumbnail-box\"  >\n\t\t<div class=\"ngg-gallery-thumbnail\" >\n\t\t\t<a href=\"https:\/\/bourgeois21juillet.be\/wp-content\/gallery\/sponsors-2018\/Leopole7.jpg\"\n               title=\" \"\n                data-image-id=\"3277\" data-src=\"https:\/\/bourgeois21juillet.be\/wp-content\/gallery\/sponsors-2018\/Leopole7.jpg\" data-thumbnail=\"https:\/\/bourgeois21juillet.be\/wp-content\/gallery\/sponsors-2018\/thumbs\/thumbs_Leopole7.jpg\" data-title=\"Leopole7\" data-description=\" \" >\n\t\t\t\t\t\t\t\t<img title=\"Leopole7\" alt=\"Leopole7\" src=\"https:\/\/bourgeois21juillet.be\/wp-content\/gallery\/sponsors-2018\/thumbs\/thumbs_Leopole7.jpg\" width='120' height='90' \/>\n\t\t\t\t\t\t\t<\/a>\n\t\t\t<span> <\/span>\n\t\t<\/div>\n\t<\/div>\n\t\t \t\t\n\t<div id=\"ngg-image-3285\" class=\"ngg-gallery-thumbnail-box\"  >\n\t\t<div class=\"ngg-gallery-thumbnail\" >\n\t\t\t<a href=\"https:\/\/bourgeois21juillet.be\/wp-content\/gallery\/sponsors-2018\/Naturelementbois.jpg\"\n               title=\" \"\n                data-image-id=\"3285\" data-src=\"https:\/\/bourgeois21juillet.be\/wp-content\/gallery\/sponsors-2018\/Naturelementbois.jpg\" data-thumbnail=\"https:\/\/bourgeois21juillet.be\/wp-content\/gallery\/sponsors-2018\/thumbs\/thumbs_Naturelementbois.jpg\" data-title=\"Naturelementbois\" data-description=\" \" >\n\t\t\t\t\t\t\t\t<img title=\"Naturelementbois\" alt=\"Naturelementbois\" src=\"https:\/\/bourgeois21juillet.be\/wp-content\/gallery\/sponsors-2018\/thumbs\/thumbs_Naturelementbois.jpg\" width='120' height='90' \/>\n\t\t\t\t\t\t\t<\/a>\n\t\t\t<span> <\/span>\n\t\t<\/div>\n\t<\/div>\n\t\t \t\t\n\t<div id=\"ngg-image-3299\" class=\"ngg-gallery-thumbnail-box\"  >\n\t\t<div class=\"ngg-gallery-thumbnail\" >\n\t\t\t<a href=\"https:\/\/bourgeois21juillet.be\/wp-content\/gallery\/sponsors-2018\/Vol-tiges.jpg\"\n               title=\" \"\n                data-image-id=\"3299\" data-src=\"https:\/\/bourgeois21juillet.be\/wp-content\/gallery\/sponsors-2018\/Vol-tiges.jpg\" data-thumbnail=\"https:\/\/bourgeois21juillet.be\/wp-content\/gallery\/sponsors-2018\/thumbs\/thumbs_Vol-tiges.jpg\" data-title=\"Vol-tiges\" data-description=\" \" >\n\t\t\t\t\t\t\t\t<img title=\"Vol-tiges\" alt=\"Vol-tiges\" src=\"https:\/\/bourgeois21juillet.be\/wp-content\/gallery\/sponsors-2018\/thumbs\/thumbs_Vol-tiges.jpg\" width='120' height='90' \/>\n\t\t\t\t\t\t\t<\/a>\n\t\t\t<span> <\/span>\n\t\t<\/div>\n\t<\/div>\n\t\t \t \t\n\t<!-- Pagination -->\n \t<div class='ngg-navigation'><span class=\"current\">1<\/span><a class=\"page-numbers\" data-pageid=\"2\" href=\"https:\/\/bourgeois21juillet.be\/index.php\/nggallery\/page\/2?page_id=6888\">2<\/a><a class=\"page-numbers\" data-pageid=\"3\" href=\"https:\/\/bourgeois21juillet.be\/index.php\/nggallery\/page\/3?page_id=6888\">3<\/a><a class=\"next\" data-pageid=\"2\" id=\"ngg-next-2\" href=\"https:\/\/bourgeois21juillet.be\/index.php\/nggallery\/page\/2?page_id=6888\">&#9658;<\/a><\/div> \t\n<\/div>\n\n","protected":false},"excerpt":{"rendered":"<p>123&#9658;<\/p>\n","protected":false},"author":1,"featured_media":0,"parent":5539,"menu_order":13,"comment_status":"closed","ping_status":"closed","template":"","meta":[],"_links":{"self":[{"href":"https:\/\/bourgeois21juillet.be\/index.php?rest_route=\/wp\/v2\/pages\/6888"}],"collection":[{"href":"https:\/\/bourgeois21juillet.be\/index.php?rest_route=\/wp\/v2\/pages"}],"about":[{"href":"https:\/\/bourgeois21juillet.be\/index.php?rest_route=\/wp\/v2\/types\/page"}],"author":[{"embeddable":true,"href":"https:\/\/bourgeois21juillet.be\/index.php?rest_route=\/wp\/v2\/users\/1"}],"replies":[{"embeddable":true,"href":"https:\/\/bourgeois21juillet.be\/index.php?rest_route=%2Fwp%2Fv2%2Fcomments&post=6888"}],"version-history":[{"count":2,"href":"https:\/\/bourgeois21juillet.be\/index.php?rest_route=\/wp\/v2\/pages\/6888\/revisions"}],"predecessor-version":[{"id":7023,"href":"https:\/\/bourgeois21juillet.be\/index.php?rest_route=\/wp\/v2\/pages\/6888\/revisions\/7023"}],"up":[{"embeddable":true,"href":"https:\/\/bourgeois21juillet.be\/index.php?rest_route=\/wp\/v2\/pages\/5539"}],"wp:attachment":[{"href":"https:\/\/bourgeois21juillet.be\/index.php?rest_route=%2Fwp%2Fv2%2Fmedia&parent=6888"}],"curies":[{"name":"wp","href":"https:\/\/api.w.org\/{rel}","templated":true}]}}