{"id":99,"date":"2015-02-19T19:37:41","date_gmt":"2015-02-19T19:37:41","guid":{"rendered":"http:\/\/bourgeois21juillet.be\/?page_id=99"},"modified":"2026-01-14T19:08:08","modified_gmt":"2026-01-14T19:08:08","slug":"le-comite","status":"publish","type":"page","link":"https:\/\/bourgeois21juillet.be\/?page_id=99","title":{"rendered":"Le comit\u00e9"},"content":{"rendered":"\n<h4 class=\"wp-block-heading alignwide has-text-align-center\">Les chemises jaunes<\/h4>\n\n\n\n<p class=\"has-text-align-center\">L'\u00e9quipe de b\u00e9n\u00e9voles travaille toute l'ann\u00e9e pour vous organiser des f\u00eates extraordinaires.<\/p>\n\n\n\n<p class=\"has-text-align-center\"><\/p>\n\n\n<div class=\"wp-block-image\">\n<figure class=\"aligncenter size-large\"><a href=\"http:\/\/bourgeois21juillet.be\/wp-content\/uploads\/2025\/06\/ROG_1969-scaled.jpg\"><img src=\"http:\/\/bourgeois21juillet.be\/wp-content\/uploads\/2025\/06\/ROG_1969-1024x683.jpg\" alt=\"\" class=\"wp-image-14097\"\/><\/a><\/figure><\/div>\n\n\n<p class=\"has-text-align-left\"><\/p>\n\n\n\n<div class=\"wp-block-media-text alignwide is-stacked-on-mobile\"><figure class=\"wp-block-media-text__media\"><img src=\"https:\/\/bourgeois21juillet.be\/wp-content\/uploads\/2024\/04\/2307-21J-RIX-D2-S2-22.jpg\" alt=\"\" class=\"wp-image-13755 size-full\"\/><\/figure><div class=\"wp-block-media-text__content\">\n<p class=\"has-medium-font-size\"><strong>Dimi<\/strong><\/p>\n<\/div><\/div>\n\n\n\n<div class=\"wp-block-media-text alignwide has-media-on-the-right is-stacked-on-mobile\"><div class=\"wp-block-media-text__content\">\n<p class=\"has-text-align-right\"><strong>Mumu<\/strong><\/p>\n<\/div><figure class=\"wp-block-media-text__media\"><img src=\"https:\/\/bourgeois21juillet.be\/wp-content\/uploads\/2024\/04\/2307-21J-RIX-D2-S1-64.jpg\" alt=\"\" class=\"wp-image-13756 size-full\"\/><\/figure><\/div>\n\n\n\n<div class=\"wp-block-media-text alignwide is-stacked-on-mobile\"><figure class=\"wp-block-media-text__media\"><img src=\"http:\/\/bourgeois21juillet.be\/wp-content\/uploads\/2024\/04\/13698152_1149562955109875_8166871319245554962_o-883x1024.jpg\" alt=\"\" class=\"wp-image-13759 size-full\"\/><\/figure><div class=\"wp-block-media-text__content\">\n<p><strong>Alex<\/strong><\/p>\n<\/div><\/div>\n\n\n\n<div class=\"wp-block-media-text alignwide has-media-on-the-right is-stacked-on-mobile\"><div class=\"wp-block-media-text__content\">\n<p class=\"has-text-align-right\"><strong>Alice<\/strong><\/p>\n<\/div><figure class=\"wp-block-media-text__media\"><img src=\"http:\/\/bourgeois21juillet.be\/wp-content\/uploads\/2024\/04\/2307-21J-RIX-D1-S2-46.jpg\" alt=\"\" class=\"wp-image-13760 size-full\"\/><\/figure><\/div>\n\n\n\n<div class=\"wp-block-media-text alignwide is-stacked-on-mobile\"><figure class=\"wp-block-media-text__media\"><img src=\"http:\/\/bourgeois21juillet.be\/wp-content\/uploads\/2024\/04\/2307-21J-RIX-D1-S2-32.jpg\" alt=\"\" class=\"wp-image-13762 size-full\"\/><\/figure><div class=\"wp-block-media-text__content\">\n<p><strong>Fred<\/strong><\/p>\n<\/div><\/div>\n\n\n\n<div class=\"wp-block-media-text alignwide has-media-on-the-right is-stacked-on-mobile\"><div class=\"wp-block-media-text__content\">\n<p class=\"has-text-align-right\"><strong>Benja<\/strong><\/p>\n<\/div><figure class=\"wp-block-media-text__media\"><img src=\"https:\/\/bourgeois21juillet.be\/wp-content\/uploads\/2024\/04\/2307-21J-RIX-D1-S2-7.jpg\" alt=\"\" class=\"wp-image-13763 size-full\"\/><\/figure><\/div>\n\n\n\n<div class=\"wp-block-media-text alignwide is-stacked-on-mobile\"><figure class=\"wp-block-media-text__media\"><img src=\"http:\/\/bourgeois21juillet.be\/wp-content\/uploads\/2024\/04\/2307-21J-RIX-D1-S1-34.jpg\" alt=\"\" class=\"wp-image-13764 size-full\"\/><\/figure><div class=\"wp-block-media-text__content\">\n<p><strong>Thierry<\/strong><\/p>\n<\/div><\/div>\n\n\n\n<div class=\"wp-block-media-text alignwide has-media-on-the-right is-stacked-on-mobile\"><div class=\"wp-block-media-text__content\">\n<p class=\"has-text-align-right\"><strong>Jenny<\/strong><\/p>\n<\/div><figure class=\"wp-block-media-text__media\"><img src=\"https:\/\/bourgeois21juillet.be\/wp-content\/uploads\/2024\/04\/Jen.jpg\" alt=\"\" class=\"wp-image-13765 size-full\"\/><\/figure><\/div>\n\n\n\n<div class=\"wp-block-media-text alignwide is-stacked-on-mobile\"><figure class=\"wp-block-media-text__media\"><img src=\"https:\/\/bourgeois21juillet.be\/wp-content\/uploads\/2024\/04\/Fran.jpg\" alt=\"\" class=\"wp-image-13766 size-full\"\/><\/figure><div class=\"wp-block-media-text__content\">\n<p><strong>Fran<\/strong><\/p>\n<\/div><\/div>\n\n\n\n<div class=\"wp-block-media-text alignwide has-media-on-the-right is-stacked-on-mobile\"><div class=\"wp-block-media-text__content\">\n<p class=\"has-text-align-right\"><strong>Ben<\/strong><\/p>\n<\/div><figure class=\"wp-block-media-text__media\"><img src=\"https:\/\/bourgeois21juillet.be\/wp-content\/uploads\/2024\/04\/Ben-1.jpg\" alt=\"\" class=\"wp-image-13768 size-full\"\/><\/figure><\/div>\n\n\n\n<div class=\"wp-block-media-text alignwide has-media-on-the-right is-stacked-on-mobile\"><div class=\"wp-block-media-text__content\">\n<p><strong>Laura<\/strong><\/p>\n<\/div><figure class=\"wp-block-media-text__media\"><img src=\"https:\/\/bourgeois21juillet.be\/wp-content\/uploads\/2024\/04\/Laura-1.jpg\" alt=\"\" class=\"wp-image-13774 size-full\"\/><\/figure><\/div>\n\n\n\n<div class=\"wp-block-media-text alignwide is-stacked-on-mobile\"><figure class=\"wp-block-media-text__media\"><img src=\"https:\/\/bourgeois21juillet.be\/wp-content\/uploads\/2024\/04\/295569278_2538273892975731_1052202725612033190_n.jpg\" alt=\"\" class=\"wp-image-13777 size-full\"\/><\/figure><div class=\"wp-block-media-text__content\">\n<p><strong>Bo<\/strong><\/p>\n<\/div><\/div>\n\n\n\n<div class=\"wp-block-media-text alignwide has-media-on-the-right is-stacked-on-mobile\"><div class=\"wp-block-media-text__content\">\n<p><strong>Derby<\/strong><\/p>\n<\/div><figure class=\"wp-block-media-text__media\"><img src=\"https:\/\/bourgeois21juillet.be\/wp-content\/uploads\/2024\/04\/39240198_1317207455082387_5189273525336145920_n-945x1024.jpg\" alt=\"\" class=\"wp-image-13783 size-full\"\/><\/figure><\/div>\n\n\n\n<div class=\"wp-block-media-text alignwide is-stacked-on-mobile\"><figure class=\"wp-block-media-text__media\"><img src=\"https:\/\/bourgeois21juillet.be\/wp-content\/uploads\/2024\/04\/39154895_1317190045084128_2929560389026840576_n-886x1024.jpg\" alt=\"\" class=\"wp-image-13784 size-full\"\/><\/figure><div class=\"wp-block-media-text__content\">\n<p class=\"has-text-align-right\"><strong>Anne<\/strong><\/p>\n<\/div><\/div>\n\n\n\n<div class=\"wp-block-media-text alignwide has-media-on-the-right is-stacked-on-mobile\"><div class=\"wp-block-media-text__content\">\n<p><strong>Daph<\/strong>'<\/p>\n<\/div><figure class=\"wp-block-media-text__media\"><img src=\"https:\/\/bourgeois21juillet.be\/wp-content\/uploads\/2024\/04\/IMG-20240418-WA0005-1024x847.jpg\" alt=\"\" class=\"wp-image-13831 size-full\"\/><\/figure><\/div>\n\n\n\n<div class=\"wp-block-media-text alignwide is-stacked-on-mobile\"><figure class=\"wp-block-media-text__media\"><img src=\"https:\/\/bourgeois21juillet.be\/wp-content\/uploads\/2024\/04\/IMG-20240418-WA0004.jpg\" alt=\"\" class=\"wp-image-13832 size-full\"\/><\/figure><div class=\"wp-block-media-text__content\">\n<p class=\"has-text-align-right\"><strong>Wendy<\/strong><\/p>\n<\/div><\/div>\n\n\n\n<div class=\"wp-block-media-text alignwide has-media-on-the-right is-stacked-on-mobile\"><div class=\"wp-block-media-text__content\">\n<p class=\"has-text-align-right\"><strong>Thomas<\/strong><\/p>\n<\/div><figure class=\"wp-block-media-text__media\"><img src=\"https:\/\/bourgeois21juillet.be\/wp-content\/uploads\/2024\/04\/IMG-20240419-WA0007-1024x902.jpg\" alt=\"\" class=\"wp-image-13873 size-full\"\/><\/figure><\/div>\n\n\n\n<div class=\"wp-block-media-text alignwide is-stacked-on-mobile\"><figure class=\"wp-block-media-text__media\"><img src=\"http:\/\/bourgeois21juillet.be\/wp-content\/uploads\/2025\/06\/IMG_5854-1024x683.jpg\" alt=\"\" class=\"wp-image-14093 size-full\"\/><\/figure><div class=\"wp-block-media-text__content\">\n<p><strong>Clara<\/strong><\/p>\n<\/div><\/div>\n\n\n\n<div class=\"wp-block-media-text alignwide has-media-on-the-right is-stacked-on-mobile\"><div class=\"wp-block-media-text__content\">\n<p class=\"has-text-align-right\"><strong>Margot<\/strong><\/p>\n<\/div><figure class=\"wp-block-media-text__media\"><img src=\"http:\/\/bourgeois21juillet.be\/wp-content\/uploads\/2025\/07\/WhatsApp-Image-2025-06-03-at-10.14.08-1024x774.jpeg\" alt=\"\" class=\"wp-image-14102 size-full\"\/><\/figure><\/div>\n","protected":false},"excerpt":{"rendered":"<p>Les chemises jaunes L&rsquo;\u00e9quipe de b\u00e9n\u00e9voles travaille toute l&rsquo;ann\u00e9e pour vous organiser des f\u00eates extraordinaires. Dimi Mumu Alex Alice Fred Benja Thierry Jenny Fran Ben Laura Bo Derby Anne Daph&rsquo; Wendy Thomas Clara Margot<\/p>\n","protected":false},"author":1,"featured_media":0,"parent":0,"menu_order":1,"comment_status":"closed","ping_status":"open","template":"","meta":[],"_links":{"self":[{"href":"https:\/\/bourgeois21juillet.be\/index.php?rest_route=\/wp\/v2\/pages\/99"}],"collection":[{"href":"https:\/\/bourgeois21juillet.be\/index.php?rest_route=\/wp\/v2\/pages"}],"about":[{"href":"https:\/\/bourgeois21juillet.be\/index.php?rest_route=\/wp\/v2\/types\/page"}],"author":[{"embeddable":true,"href":"https:\/\/bourgeois21juillet.be\/index.php?rest_route=\/wp\/v2\/users\/1"}],"replies":[{"embeddable":true,"href":"https:\/\/bourgeois21juillet.be\/index.php?rest_route=%2Fwp%2Fv2%2Fcomments&post=99"}],"version-history":[{"count":37,"href":"https:\/\/bourgeois21juillet.be\/index.php?rest_route=\/wp\/v2\/pages\/99\/revisions"}],"predecessor-version":[{"id":14217,"href":"https:\/\/bourgeois21juillet.be\/index.php?rest_route=\/wp\/v2\/pages\/99\/revisions\/14217"}],"wp:attachment":[{"href":"https:\/\/bourgeois21juillet.be\/index.php?rest_route=%2Fwp%2Fv2%2Fmedia&parent=99"}],"curies":[{"name":"wp","href":"https:\/\/api.w.org\/{rel}","templated":true}]}}